{"id":10,"date":"2025-01-21T12:00:45","date_gmt":"2025-01-21T12:00:45","guid":{"rendered":"https:\/\/dippinn.fazos.hr\/?page_id=10"},"modified":"2025-10-06T11:23:55","modified_gmt":"2025-10-06T11:23:55","slug":"about","status":"publish","type":"page","link":"https:\/\/dippinn.fazos.hr\/index.php\/about\/","title":{"rendered":"O projektu"},"content":{"rendered":"\n<p>Hrvatska zaklada za znanost sklopila je 2. prosinca 2024. ugovor s Fakultetom agrobiotehni\u010dkih znanosti Osijek (FAZOS) o financiranju istra\u017eiva\u010dkog projekta &#8220;Inovativni pristupi u razvoju imidazola za za\u0161titu bilja&#8221; (IP-2024-05-6164). Projekt \u0107e se provoditi tri godine, od prosinca 2024. do prosinca 2027. <\/p>\n\n\n\n<p class=\"has-text-align-left\">Ovaj znanstveno-istra\u017eiva\u010dki projekt predstavlja novi, jedinstveni, interdisciplinarni pristup istra\u017eivanju novih sredstava za za\u0161titu bilja. Snaga projekta o\u010dituje se u sinergiji istra\u017eiva\u010da iz podru\u010dja kemije i poljoprivrede te u razvoju znanstvenog potencijala mladih istra\u017eiva\u010da.<\/p>\n\n\n\n<figure class=\"wp-block-image\"><img loading=\"lazy\" decoding=\"async\" width=\"1024\" height=\"576\" src=\"https:\/\/dippinn.fazos.hr\/wp-content\/uploads\/2025\/06\/15-Natural-Phosphorus-Sources-for-Your-Plants-Guide-1-1536x864-2-1024x576.jpg\" alt=\"\" class=\"wp-image-207\" srcset=\"https:\/\/dippinn.fazos.hr\/wp-content\/uploads\/2025\/06\/15-Natural-Phosphorus-Sources-for-Your-Plants-Guide-1-1536x864-2-1024x576.jpg 1024w, https:\/\/dippinn.fazos.hr\/wp-content\/uploads\/2025\/06\/15-Natural-Phosphorus-Sources-for-Your-Plants-Guide-1-1536x864-2-300x169.jpg 300w, https:\/\/dippinn.fazos.hr\/wp-content\/uploads\/2025\/06\/15-Natural-Phosphorus-Sources-for-Your-Plants-Guide-1-1536x864-2-768x432.jpg 768w, https:\/\/dippinn.fazos.hr\/wp-content\/uploads\/2025\/06\/15-Natural-Phosphorus-Sources-for-Your-Plants-Guide-1-1536x864-2.jpg 1536w\" sizes=\"auto, (max-width: 767px) 89vw, (max-width: 1000px) 54vw, (max-width: 1071px) 543px, 580px\" \/><\/figure>\n\n\n\n<p><strong>Cilj projekta<\/strong><\/p>\n\n\n\n<p>Pesticidi su iznimno va\u017eni u poljoprivrednoj proizvodnji u borbi protiv \u0161tetnika, bolesti i korova. Prema uredbi Europske unije o stavljanju sredstava za za\u0161titu bilja na tr\u017ei\u0161te (EZ) br. 1107\/2009), sredstva za za\u0161titu bilja trebaju sadr\u017eavati samo tvari za koje je dokazano da predstavljaju jasnu korist za biljnu proizvodnju i da se ne o\u010dekuje da \u0107e imati bilo kakav \u0161tetan u\u010dinak na zdravlje ljudi ili \u017eivotinja ili bilo kakav neprihvatljiv u\u010dinak na okoli\u0161. Imidazoli su u\u010dinkoviti pesticidi, ali samo nekolicini je Europska komisija dozvolila uporabu. <\/p>\n\n\n\n<p>Cilj ovog projekta je sintetizirati derivate imidazole koji bi bili u\u010dinkovite aktivne tvari sredstava za za\u0161titu bila, ali sigurna za okoli\u0161 i zdravlje ljudi. Novi spojevi dizajnirat \u0107e se temeljem procjene toksi\u010dnosti primjenom ra\u010dunalnih metoda i prvenstveno sintetizirati principima \u201czelene kemije\u201d. Ispitat \u0107e se djelovanje novih derivata imidazola na predstavnicima zemlji\u0161no korisnih te fitopatogenih gljiva, bakterija, nematoda i kukaca.<\/p>\n\n\n\n<p>Budu\u0107i da je djelovanje pojedinih aktivnih sastojaka sredstava za za\u0161titu bilja povezano s inhibicijom enzima kolinesteraze, koji su va\u017eni za normalnu funkciju \u017eiv\u010danog sustava kod ljudi, drugih kralje\u017enjaka i kod kukaca, provest \u0107e se in vitro test inhibicije ova dva enzima. Odnos strukture i aktivnosti (SAR) i studija kvantitativne strukture aktivnosti (QSAR) primjenjivat \u0107e se u dizajnu novih derivata imidazola. Metodom molekulskog uklapanja identificirat \u0107e se na\u010din interakcije izme\u0111u aktivne molekule i ciljnog enzima ili proteina koji je povezan s promatranom biolo\u0161kom aktivno\u0161\u0107u. <\/p>\n\n\n\n<p>Kona\u010dni cilj projekta je predlo\u017eiti nova aktivnu komponentu budu\u0107eg sredstva za za\u0161titu bilja koja je prihvatljiva u integriranoj za\u0161titi bilja.<\/p>\n","protected":false},"excerpt":{"rendered":"<p>Hrvatska zaklada za znanost sklopila je 2. prosinca 2024. ugovor s Fakultetom agrobiotehni\u010dkih znanosti Osijek (FAZOS) o financiranju istra\u017eiva\u010dkog projekta &#8220;Inovativni pristupi u razvoju imidazola za za\u0161titu bilja&#8221; (IP-2024-05-6164). Projekt \u0107e se provoditi tri godine, od prosinca 2024. do prosinca 2027. Ovaj znanstveno-istra\u017eiva\u010dki projekt predstavlja novi, jedinstveni, interdisciplinarni pristup istra\u017eivanju novih sredstava za za\u0161titu bilja. &hellip; <\/p>\n<p class=\"link-more\"><a href=\"https:\/\/dippinn.fazos.hr\/index.php\/about\/\" class=\"more-link\">Continue reading<span class=\"screen-reader-text\"> &#8220;O projektu&#8221;<\/span><\/a><\/p>\n","protected":false},"author":1,"featured_media":0,"parent":0,"menu_order":0,"comment_status":"closed","ping_status":"closed","template":"","meta":{"footnotes":""},"class_list":["post-10","page","type-page","status-publish","hentry"],"_links":{"self":[{"href":"https:\/\/dippinn.fazos.hr\/index.php\/wp-json\/wp\/v2\/pages\/10","targetHints":{"allow":["GET"]}}],"collection":[{"href":"https:\/\/dippinn.fazos.hr\/index.php\/wp-json\/wp\/v2\/pages"}],"about":[{"href":"https:\/\/dippinn.fazos.hr\/index.php\/wp-json\/wp\/v2\/types\/page"}],"author":[{"embeddable":true,"href":"https:\/\/dippinn.fazos.hr\/index.php\/wp-json\/wp\/v2\/users\/1"}],"replies":[{"embeddable":true,"href":"https:\/\/dippinn.fazos.hr\/index.php\/wp-json\/wp\/v2\/comments?post=10"}],"version-history":[{"count":9,"href":"https:\/\/dippinn.fazos.hr\/index.php\/wp-json\/wp\/v2\/pages\/10\/revisions"}],"predecessor-version":[{"id":280,"href":"https:\/\/dippinn.fazos.hr\/index.php\/wp-json\/wp\/v2\/pages\/10\/revisions\/280"}],"wp:attachment":[{"href":"https:\/\/dippinn.fazos.hr\/index.php\/wp-json\/wp\/v2\/media?parent=10"}],"curies":[{"name":"wp","href":"https:\/\/api.w.org\/{rel}","templated":true}]}}