{"id":311,"date":"2025-11-05T12:44:37","date_gmt":"2025-11-05T12:44:37","guid":{"rendered":"https:\/\/dippinn.fazos.hr\/?page_id=311"},"modified":"2026-03-12T07:40:52","modified_gmt":"2026-03-12T07:40:52","slug":"istrazivacki-tim","status":"publish","type":"page","link":"https:\/\/dippinn.fazos.hr\/index.php\/istrazivacki-tim\/","title":{"rendered":"Istra\u017eiva\u010dki tim"},"content":{"rendered":"\n<p><strong>Vesna Rastija<\/strong>; Redovita profesorica; Fakultet agrobiotehni\u010dkih znanosti Osijek, Sveu\u010dili\u0161te J.J. Strossmayera u Osijeku; vrastija@fazos.hr<\/p>\n\n\n\n<p><strong>Jasenka \u0106osi\u0107<\/strong>; Redovita profesorica; Fakultet agrobiotehni\u010dkih znanosti Osijek, Sveu\u010dili\u0161te J.J. Strossmayera u Osijeku; jcosic@fazos.hr<\/p>\n\n\n\n<p><strong>Karolina Vrande\u010di\u0107<\/strong>; Redovita profesorica; Fakultet agrobiotehni\u010dkih znanosti Osijek, Sveu\u010dili\u0161te J.J. Strossmayera u Osijeku; karolina.vrandecic@fazos.hr<\/p>\n\n\n\n<p><strong>Ivana Maji\u0107<\/strong>; Redovita profesorica; Fakultet agrobiotehni\u010dkih znanosti Osijek, Sveu\u010dili\u0161te J.J. Strossmayera u Osijeku; ivana.majic@fazos.hr<\/p>\n\n\n\n<p><strong>Gabriella Kani\u017eai \u0160ari\u0107<\/strong>; Redovita profesorica; Fakultet agrobiotehni\u010dkih znanosti Osijek, Sveu\u010dili\u0161te J.J. Strossmayera u Osijeku; gabriella.kanizai@fazos.hr<\/p>\n\n\n\n<p><strong>Milan Vrane\u0161<\/strong>; Redoviti profesor; Prirodoslovno-matemati\u010dki fakultet Novi Sad, Sveu\u010dili\u0161te u Novom Sadu, Srbija; milan.vranes@dh.uns.ac.rs<\/p>\n\n\n\n<p><strong>Dejan Agi\u0107<\/strong>; Izvanredni profesor; Fakultet agrobiotehni\u010dkih znanosti Osijek, Sveu\u010dili\u0161te J.J. Strossmayera u Osijeku; dagic@fazos.hr<\/p>\n\n\n\n<p><strong>Ankica Sarajli\u0107<\/strong>; Izvanredna profesorica; Fakultet agrobiotehni\u010dkih znanosti Osijek, Sveu\u010dili\u0161te J.J.Strossmayera u Osijeku; ankica.sarajlic@fazos.hr<\/p>\n\n\n\n<p><strong>Martina \u0160rajer Gajdo\u0161ik<\/strong>; Izvanredna profesorica; Odjel za kemiju, Sveu\u010dili\u0161ta J. J. Strossmayera u Osijeku; msgajdosik@kemija.unios.hr<\/p>\n\n\n\n<p><strong>Jovana Selak<\/strong>; Vi\u0161a asistentica; Prirodoslovno-matemati\u010dki fakultet Novi Sad, Sveu\u010dili\u0161te u Novom Sadu, Srbija; jovanap@dh.uns.ac.rs<\/p>\n\n\n\n<p><strong>Marija Paurevi\u0107<\/strong>; Vi\u0161a asistentica; Odjel za kemiju, Sveu\u010dili\u0161ta J. J. Strossmayera u Osijeku; mstivo@kemija.unios.hr<\/p>\n\n\n\n<p><strong>Maja Karna\u0161 Babi\u0107<\/strong>; Vi\u0161a asistentica; Fakultet agrobiotehni\u010dkih znanosti Osijek, Sveu\u010dili\u0161te J.J. Strossmayera u Osijeku; mkarnas@fazos.hr<\/p>\n\n\n\n<p><strong>Andrea Dandi\u0107<\/strong>; Vi\u0161a asistentica; Odjel za kemiju, Sveu\u010dili\u0161ta J. J. Strossmayera u Osijeku; andreajuric@kemija.unios.hr<\/p>\n\n\n\n<p><strong>Sne\u017eana Papovi\u0107<\/strong>; Docent; Prirodoslovno-matemati\u010dki fakultet Novi Sad, Sveu\u010dili\u0161te u Novom Sadu, Srbija; snezana.papovic@dh.uns.ac.rs<\/p>\n\n\n\n<p><strong>Domagoj \u0160ubari\u0107<\/strong>; Vi\u0161i asistent; Fakultet agrobiotehni\u010dkih znanosti Osijek, Sveu\u010dili\u0161te J.J.Strossmayera u Osijeku; dsubaric@fazos.hr<\/p>\n\n\n\n<p><strong>Teona Teodora Borovi\u0107<\/strong>; Znanstvena novakinja; Prirodoslovno-matemati\u010dki fakultet Novi Sad, Sveu\u010dili\u0161te u Novom Sadu, Srbija; teona@dh.uns.ac.rs<\/p>\n\n\n\n<p><strong>Marija Kristi\u0107<\/strong>; Vi\u0161a asistentica na projektu; Fakultet agrobiotehni\u010dkih znanosti Osijek, Sveu\u010dili\u0161te J.J. Strossmayera u Osijeku; mkristic@fazos.hr<\/p>\n\n\n\n<p><strong>Helena Ere\u0161<\/strong>; Asistentica; Fakultet agrobiotehni\u010dkih znanosti Osijek, Sveu\u010dili\u0161te J.J. Strossmayera u Osijeku; heres@fazos.hr<\/p>\n","protected":false},"excerpt":{"rendered":"<p>Vesna Rastija; Redovita profesorica; Fakultet agrobiotehni\u010dkih znanosti Osijek, Sveu\u010dili\u0161te J.J. Strossmayera u Osijeku; vrastija@fazos.hr Jasenka \u0106osi\u0107; Redovita profesorica; Fakultet agrobiotehni\u010dkih znanosti Osijek, Sveu\u010dili\u0161te J.J. Strossmayera u Osijeku; jcosic@fazos.hr Karolina Vrande\u010di\u0107; Redovita profesorica; Fakultet agrobiotehni\u010dkih znanosti Osijek, Sveu\u010dili\u0161te J.J. Strossmayera u Osijeku; karolina.vrandecic@fazos.hr Ivana Maji\u0107; Redovita profesorica; Fakultet agrobiotehni\u010dkih znanosti Osijek, Sveu\u010dili\u0161te J.J. Strossmayera u Osijeku; &hellip; <\/p>\n<p class=\"link-more\"><a href=\"https:\/\/dippinn.fazos.hr\/index.php\/istrazivacki-tim\/\" class=\"more-link\">Continue reading<span class=\"screen-reader-text\"> &#8220;Istra\u017eiva\u010dki tim&#8221;<\/span><\/a><\/p>\n","protected":false},"author":1,"featured_media":0,"parent":0,"menu_order":0,"comment_status":"closed","ping_status":"closed","template":"","meta":{"footnotes":""},"class_list":["post-311","page","type-page","status-publish","hentry"],"_links":{"self":[{"href":"https:\/\/dippinn.fazos.hr\/index.php\/wp-json\/wp\/v2\/pages\/311","targetHints":{"allow":["GET"]}}],"collection":[{"href":"https:\/\/dippinn.fazos.hr\/index.php\/wp-json\/wp\/v2\/pages"}],"about":[{"href":"https:\/\/dippinn.fazos.hr\/index.php\/wp-json\/wp\/v2\/types\/page"}],"author":[{"embeddable":true,"href":"https:\/\/dippinn.fazos.hr\/index.php\/wp-json\/wp\/v2\/users\/1"}],"replies":[{"embeddable":true,"href":"https:\/\/dippinn.fazos.hr\/index.php\/wp-json\/wp\/v2\/comments?post=311"}],"version-history":[{"count":2,"href":"https:\/\/dippinn.fazos.hr\/index.php\/wp-json\/wp\/v2\/pages\/311\/revisions"}],"predecessor-version":[{"id":455,"href":"https:\/\/dippinn.fazos.hr\/index.php\/wp-json\/wp\/v2\/pages\/311\/revisions\/455"}],"wp:attachment":[{"href":"https:\/\/dippinn.fazos.hr\/index.php\/wp-json\/wp\/v2\/media?parent=311"}],"curies":[{"name":"wp","href":"https:\/\/api.w.org\/{rel}","templated":true}]}}