{"id":463,"date":"2026-03-18T10:35:45","date_gmt":"2026-03-18T10:35:45","guid":{"rendered":"https:\/\/dippinn.fazos.hr\/?page_id=463"},"modified":"2026-03-18T10:35:45","modified_gmt":"2026-03-18T10:35:45","slug":"dipp-inn-je-na-linkedin-u","status":"publish","type":"page","link":"https:\/\/dippinn.fazos.hr\/index.php\/dipp-inn-je-na-linkedin-u\/","title":{"rendered":"DIPP INN je na Linkedin-u"},"content":{"rendered":"\n<p>Od nedavno DIPP INN ima profil na Linkedin-u, gdje tako\u0111er mo\u017eete pratiti rad i aktivnosti<\/p>\n\n\n\n<div class=\"wp-block-media-text is-stacked-on-mobile\" style=\"grid-template-columns:15% auto\"><figure class=\"wp-block-media-text__media\"><a href=\"https:\/\/www.linkedin.com\/in\/dipp-inn-ab986b3b6\/\"><img loading=\"lazy\" decoding=\"async\" width=\"120\" height=\"120\" src=\"https:\/\/dippinn.fazos.hr\/wp-content\/uploads\/2026\/03\/LinkedIn_icon.svg_.png\" alt=\"\" class=\"wp-image-464 size-full\" srcset=\"https:\/\/dippinn.fazos.hr\/wp-content\/uploads\/2026\/03\/LinkedIn_icon.svg_.png 120w, https:\/\/dippinn.fazos.hr\/wp-content\/uploads\/2026\/03\/LinkedIn_icon.svg_-100x100.png 100w\" sizes=\"auto, (max-width: 120px) 100vw, 120px\" \/><\/a><\/figure><div class=\"wp-block-media-text__content\">\n<p>Klikom na ikonu mo\u017eete pristupiti profilu projekta.<\/p>\n<\/div><\/div>\n\n\n\n<p><\/p>\n","protected":false},"excerpt":{"rendered":"<p>Od nedavno DIPP INN ima profil na Linkedin-u, gdje tako\u0111er mo\u017eete pratiti rad i aktivnosti Klikom na ikonu mo\u017eete pristupiti profilu projekta.<\/p>\n","protected":false},"author":1,"featured_media":0,"parent":0,"menu_order":0,"comment_status":"closed","ping_status":"closed","template":"","meta":{"footnotes":""},"class_list":["post-463","page","type-page","status-publish","hentry"],"_links":{"self":[{"href":"https:\/\/dippinn.fazos.hr\/index.php\/wp-json\/wp\/v2\/pages\/463","targetHints":{"allow":["GET"]}}],"collection":[{"href":"https:\/\/dippinn.fazos.hr\/index.php\/wp-json\/wp\/v2\/pages"}],"about":[{"href":"https:\/\/dippinn.fazos.hr\/index.php\/wp-json\/wp\/v2\/types\/page"}],"author":[{"embeddable":true,"href":"https:\/\/dippinn.fazos.hr\/index.php\/wp-json\/wp\/v2\/users\/1"}],"replies":[{"embeddable":true,"href":"https:\/\/dippinn.fazos.hr\/index.php\/wp-json\/wp\/v2\/comments?post=463"}],"version-history":[{"count":1,"href":"https:\/\/dippinn.fazos.hr\/index.php\/wp-json\/wp\/v2\/pages\/463\/revisions"}],"predecessor-version":[{"id":465,"href":"https:\/\/dippinn.fazos.hr\/index.php\/wp-json\/wp\/v2\/pages\/463\/revisions\/465"}],"wp:attachment":[{"href":"https:\/\/dippinn.fazos.hr\/index.php\/wp-json\/wp\/v2\/media?parent=463"}],"curies":[{"name":"wp","href":"https:\/\/api.w.org\/{rel}","templated":true}]}}