{"id":9,"date":"2025-01-21T12:00:45","date_gmt":"2025-01-21T12:00:45","guid":{"rendered":"https:\/\/dippinn.fazos.hr\/?page_id=9"},"modified":"2025-10-06T11:22:24","modified_gmt":"2025-10-06T11:22:24","slug":"home","status":"publish","type":"page","link":"https:\/\/dippinn.fazos.hr\/","title":{"rendered":"Inovativni pristupi u razvoju imidazola za za\u0161titu bilja"},"content":{"rendered":"\n<p class=\"has-text-align-center\"><strong>Inovativni pristupi u razvoju imidazola za za\u0161titu bilja<\/strong><\/p>\n\n\n\n<p class=\"has-text-align-center\">DIPP INN (IP-2024-05-6164)<\/p>\n\n\n\n<p>Financiranje: <img loading=\"lazy\" decoding=\"async\" width=\"150\" height=\"63\" class=\"wp-image-202\" style=\"width: 150px;\" src=\"https:\/\/dippinn.fazos.hr\/wp-content\/uploads\/2025\/06\/hrzz-300x125-1.jpg\" alt=\"\">, Istra\u017eiva\u010dki projekt (IP-2024-05)<\/p>\n\n\n\n<p>Vode\u0107a institucija: <img loading=\"lazy\" decoding=\"async\" width=\"150\" height=\"84\" class=\"wp-image-201\" style=\"width: 150px;\" src=\"https:\/\/dippinn.fazos.hr\/wp-content\/uploads\/2025\/06\/fazos.png\" alt=\"\" srcset=\"https:\/\/dippinn.fazos.hr\/wp-content\/uploads\/2025\/06\/fazos.png 1152w, https:\/\/dippinn.fazos.hr\/wp-content\/uploads\/2025\/06\/fazos-300x169.png 300w, https:\/\/dippinn.fazos.hr\/wp-content\/uploads\/2025\/06\/fazos-1024x576.png 1024w, https:\/\/dippinn.fazos.hr\/wp-content\/uploads\/2025\/06\/fazos-768x432.png 768w\" sizes=\"auto, (max-width: 150px) 100vw, 150px\" \/>, Sveu\u010dili\u0161te Josipa Jurja Strossmayera u Osijeku, Hrvatska<\/p>\n\n\n\n<p>Voditeljica projekta: Prof.dr.sc. Vesna Rastija<\/p>\n\n\n\n<p>Ukupan iznos financiranja projekta: 199 900.00 EUR<\/p>\n\n\n\n<p>Trajanje projekta: 16.12.2024. &#8211; 15.12.2027.<\/p>\n\n\n\n<p>Partneri:<\/p>\n\n\n\n<div class=\"wp-block-media-text is-stacked-on-mobile\" style=\"grid-template-columns:28% auto\"><figure class=\"wp-block-media-text__media\"><img loading=\"lazy\" decoding=\"async\" width=\"415\" height=\"413\" src=\"https:\/\/dippinn.fazos.hr\/wp-content\/uploads\/2025\/06\/Prirodno-matematicki_fakultet_Novi_Sad_logo.png\" alt=\"\" class=\"wp-image-195 size-full\" srcset=\"https:\/\/dippinn.fazos.hr\/wp-content\/uploads\/2025\/06\/Prirodno-matematicki_fakultet_Novi_Sad_logo.png 415w, https:\/\/dippinn.fazos.hr\/wp-content\/uploads\/2025\/06\/Prirodno-matematicki_fakultet_Novi_Sad_logo-300x300.png 300w, https:\/\/dippinn.fazos.hr\/wp-content\/uploads\/2025\/06\/Prirodno-matematicki_fakultet_Novi_Sad_logo-150x150.png 150w, https:\/\/dippinn.fazos.hr\/wp-content\/uploads\/2025\/06\/Prirodno-matematicki_fakultet_Novi_Sad_logo-100x100.png 100w\" sizes=\"auto, (max-width: 415px) 100vw, 415px\" \/><\/figure><div class=\"wp-block-media-text__content\">\n<p>Prirodoslovno-matemati\u010dki fakultet Novi sad, Sveu\u010dili\u0161te u Novom Sadu, Srbija<\/p>\n<\/div><\/div>\n\n\n\n<div class=\"wp-block-media-text is-stacked-on-mobile\" style=\"grid-template-columns:29% auto\"><figure class=\"wp-block-media-text__media\"><img loading=\"lazy\" decoding=\"async\" width=\"660\" height=\"598\" src=\"https:\/\/dippinn.fazos.hr\/wp-content\/uploads\/2025\/06\/Logo-2-HRV-tamni.png\" alt=\"\" class=\"wp-image-209 size-full\" srcset=\"https:\/\/dippinn.fazos.hr\/wp-content\/uploads\/2025\/06\/Logo-2-HRV-tamni.png 660w, https:\/\/dippinn.fazos.hr\/wp-content\/uploads\/2025\/06\/Logo-2-HRV-tamni-300x272.png 300w\" sizes=\"auto, (max-width: 660px) 100vw, 660px\" \/><\/figure><div class=\"wp-block-media-text__content\">\n<p>Odjel za kemiju, Sveu\u010dili\u0161te J.J.Strossmayera u Osijeku<\/p>\n<\/div><\/div>\n\n\n\n<p class=\"has-text-align-center\">Op\u0107i cilj projekta je predlo\u017eiti novu aktivnu komponentu na bazi imidazola za budu\u0107e sredstvo za za\u0161titu bilja koje je prihvatljivo u integriranoj za\u0161titi bilja te sigurno za okoli\u0161 i ljudsko zdravlje. Ovaj projekt predstavlja po\u010detnu fazu otkrivanja pesticida koja uklju\u010duje racionalnu sintezu temeljenu na kemoinformati\u010dkom pristupu i ispitivanju u\u010dinka novih derivata imidazola na predstavnike tla korisnih i fitopatogenih gljiva, bakterija, nematoda i kukaca.<\/p>\n","protected":false},"excerpt":{"rendered":"<p>Inovativni pristupi u razvoju imidazola za za\u0161titu bilja DIPP INN (IP-2024-05-6164) Financiranje: , Istra\u017eiva\u010dki projekt (IP-2024-05) Vode\u0107a institucija: , Sveu\u010dili\u0161te Josipa Jurja Strossmayera u Osijeku, Hrvatska Voditeljica projekta: Prof.dr.sc. Vesna Rastija Ukupan iznos financiranja projekta: 199 900.00 EUR Trajanje projekta: 16.12.2024. &#8211; 15.12.2027. Partneri: Prirodoslovno-matemati\u010dki fakultet Novi sad, Sveu\u010dili\u0161te u Novom Sadu, Srbija Odjel za &hellip; <\/p>\n<p class=\"link-more\"><a href=\"https:\/\/dippinn.fazos.hr\/\" class=\"more-link\">Continue reading<span class=\"screen-reader-text\"> &#8220;Inovativni pristupi u razvoju imidazola za za\u0161titu bilja&#8221;<\/span><\/a><\/p>\n","protected":false},"author":1,"featured_media":0,"parent":0,"menu_order":0,"comment_status":"closed","ping_status":"closed","template":"","meta":{"footnotes":""},"class_list":["post-9","page","type-page","status-publish","hentry"],"_links":{"self":[{"href":"https:\/\/dippinn.fazos.hr\/index.php\/wp-json\/wp\/v2\/pages\/9","targetHints":{"allow":["GET"]}}],"collection":[{"href":"https:\/\/dippinn.fazos.hr\/index.php\/wp-json\/wp\/v2\/pages"}],"about":[{"href":"https:\/\/dippinn.fazos.hr\/index.php\/wp-json\/wp\/v2\/types\/page"}],"author":[{"embeddable":true,"href":"https:\/\/dippinn.fazos.hr\/index.php\/wp-json\/wp\/v2\/users\/1"}],"replies":[{"embeddable":true,"href":"https:\/\/dippinn.fazos.hr\/index.php\/wp-json\/wp\/v2\/comments?post=9"}],"version-history":[{"count":9,"href":"https:\/\/dippinn.fazos.hr\/index.php\/wp-json\/wp\/v2\/pages\/9\/revisions"}],"predecessor-version":[{"id":462,"href":"https:\/\/dippinn.fazos.hr\/index.php\/wp-json\/wp\/v2\/pages\/9\/revisions\/462"}],"wp:attachment":[{"href":"https:\/\/dippinn.fazos.hr\/index.php\/wp-json\/wp\/v2\/media?parent=9"}],"curies":[{"name":"wp","href":"https:\/\/api.w.org\/{rel}","templated":true}]}}